{"id":710,"date":"2025-08-01T07:53:54","date_gmt":"2025-08-01T05:53:54","guid":{"rendered":"https:\/\/frameina.com\/faq\/"},"modified":"2025-10-17T15:03:01","modified_gmt":"2025-10-17T13:03:01","slug":"faq","status":"publish","type":"page","link":"https:\/\/frameina.com\/es\/faq\/","title":{"rendered":"FAQ"},"content":{"rendered":"\n<h2 class=\"wp-block-heading\">Intro<\/h2>\n<div class=\"ewa-rteLine\">Bienvenido a nuestra secci\u00f3n de Preguntas Frecuentes (FAQ).<\/div>\n<div class=\"ewa-rteLine\">Tienes una pregunta? Est\u00e1s en el lugar correcto! <\/div>\n<div class=\"ewa-rteLine\">Esta p\u00e1gina ha sido dise\u00f1ada para ayudarte a encontrar r\u00e1pidamente respuestas a las preguntas m\u00e1s frecuentes. Ya sea para entender nuestras formaciones, resolver un problema o simplemente saber m\u00e1s, nuestra FAQ est\u00e1 aqu\u00ed para guiarte. <\/div>\n<div class=\"ewa-rteLine\">Y si no encuentras lo que buscas, no dudes en contactarnos a trav\u00e9s del formulario dedicado.<\/div>\n\n<p><\/p>\n","protected":false},"excerpt":{"rendered":"<p>Intro Bienvenido a nuestra secci\u00f3n de Preguntas Frecuentes (FAQ). Tienes una pregunta? Est\u00e1s en el lugar correcto! Esta p\u00e1gina ha sido dise\u00f1ada para ayudarte a encontrar r\u00e1pidamente respuestas a las preguntas m\u00e1s frecuentes. Ya sea para entender nuestras formaciones, resolver un problema o simplemente saber m\u00e1s, nuestra FAQ est\u00e1 aqu\u00ed para guiarte. Y si no encuentras lo que buscas, no dudes en contactarnos a trav\u00e9s del formulario dedicado.<\/p>\n","protected":false},"author":1,"featured_media":0,"parent":0,"menu_order":0,"comment_status":"closed","ping_status":"closed","template":"page-faq.php","meta":{"_acf_changed":false,"footnotes":""},"class_list":["post-710","page","type-page","status-publish","hentry"],"acf":[],"_links":{"self":[{"href":"https:\/\/frameina.com\/es\/wp-json\/wp\/v2\/pages\/710","targetHints":{"allow":["GET"]}}],"collection":[{"href":"https:\/\/frameina.com\/es\/wp-json\/wp\/v2\/pages"}],"about":[{"href":"https:\/\/frameina.com\/es\/wp-json\/wp\/v2\/types\/page"}],"author":[{"embeddable":true,"href":"https:\/\/frameina.com\/es\/wp-json\/wp\/v2\/users\/1"}],"replies":[{"embeddable":true,"href":"https:\/\/frameina.com\/es\/wp-json\/wp\/v2\/comments?post=710"}],"version-history":[{"count":3,"href":"https:\/\/frameina.com\/es\/wp-json\/wp\/v2\/pages\/710\/revisions"}],"predecessor-version":[{"id":713,"href":"https:\/\/frameina.com\/es\/wp-json\/wp\/v2\/pages\/710\/revisions\/713"}],"wp:attachment":[{"href":"https:\/\/frameina.com\/es\/wp-json\/wp\/v2\/media?parent=710"}],"curies":[{"name":"wp","href":"https:\/\/api.w.org\/{rel}","templated":true}]}}