{"id":588,"date":"2025-09-18T14:40:12","date_gmt":"2025-09-18T12:40:12","guid":{"rendered":"https:\/\/frameina.com\/descubrir-frame\/"},"modified":"2025-10-14T14:46:45","modified_gmt":"2025-10-14T12:46:45","slug":"descubrir-frame","status":"publish","type":"page","link":"https:\/\/frameina.com\/es\/descubrir-frame\/","title":{"rendered":"Descubrir Frame"},"content":{"rendered":"\n<p><strong>\u00bfQu\u00e9 es FRAME?<\/strong> <\/p>\n\n<p>FRAME es un programa de formaci\u00f3n anual organizado desde 2010 por <strong>\n  <a href=\"http:\/\/www.ina.fr\/\" target=\"_blank\" rel=\"noreferrer noopener\">INA<\/a>\n<\/strong>, en colaboraci\u00f3n con <strong>\n  <a href=\"https:\/\/fiatifta.org\/\" target=\"_blank\" rel=\"noreferrer noopener\">FIAT\/IFTA<\/a>\n<\/strong> (Federaci\u00f3n Internacional de Archivos de Televisi\u00f3n) y la <strong>\n  <a href=\"https:\/\/academy.ebu.ch\/\" target=\"_blank\" rel=\"noreferrer noopener\">EBU Academy <\/a>\n<\/strong>(Uni\u00f3n Europea de Radiodifusi\u00f3n), y <strong>cofinanciado por el programa<\/strong> <strong>\n  <a href=\"https:\/\/culture.ec.europa.eu\/fr\/creative-europe\/creative-europe-media-strand\" target=\"_blank\" rel=\"noreferrer noopener\">Europa Creativa \u2013 MEDIA<\/a>\n<\/strong> de la Uni\u00f3n Europea. <\/p>\n\n<p>Est\u00e1 dirigido a profesionales europeos e internacionales del sector del archivo audiovisual. Sus objetivos son:  <\/p>\n\n<ul class=\"wp-block-list\">\n<li><strong>Reforzar las competencias<\/strong> en gesti\u00f3n, preservaci\u00f3n y valorizaci\u00f3n de archivos audiovisuales. <\/li>\n<\/ul>\n\n<ul class=\"wp-block-list\">\n<li><strong>Fomentar el intercambio<\/strong> entre profesionales de todo el mundo. <\/li>\n<\/ul>\n\n<ul class=\"wp-block-list\">\n<li><strong>Impulsar la innovaci\u00f3n<\/strong> en las pr\u00e1cticas de archivo. <\/li>\n<\/ul>\n\n<p>Con un enfoque integral, el programa de formaci\u00f3n FRAME cubre <strong>todas las etapas del proceso de gesti\u00f3n de archivos audiovisuales<\/strong>: desde su preservaci\u00f3n, digitalizaci\u00f3n, documentaci\u00f3n, hasta su acceso, reutilizaci\u00f3n y valorizaci\u00f3n, sin olvidar los aspectos <strong>jur\u00eddicos<\/strong>, <strong>ecol\u00f3gicos<\/strong>, <strong>t\u00e9cnicos<\/strong>, <strong>tecnol\u00f3gicos<\/strong>, <strong>econ\u00f3micos<\/strong>,<strong> educativos<\/strong> y <strong>creativos<\/strong>. <\/p>\n\n<p><strong>P\u00fablicos destinatarios<\/strong> <\/p>\n\n<p>FRAME est\u00e1 dirigido a todos los profesionales europeos e internacionales que trabajan en la <strong>preservaci\u00f3n<\/strong>, <strong>gesti\u00f3n<\/strong>, <strong>acceso<\/strong>, <strong>comunicaci\u00f3n<\/strong> y<strong> valorizaci\u00f3n<\/strong> de archivos audiovisuales. <\/p>\n\n<p>Para responder a las necesidades y objetivos de cada uno, <strong>independientemente de su trayectoria, perfil o nivel de experiencia,<\/strong> el programa de formaci\u00f3n FRAME se compone de varias acciones adaptadas. <\/p>\n\n<p><strong>Programa de formaci\u00f3n<\/strong> <\/p>\n\n<p>FRAME se compone de<strong> cinco acciones formativas:<\/strong> <\/p>\n\n<p><strong>1. FRAME Basics<\/strong> <\/p>\n\n<p>Una formaci\u00f3n en l\u00ednea de seis medias jornadas, organizada en primavera. Proporciona los <strong>conocimientos fundamentales <\/strong>y las<strong> competencias b\u00e1sicas <\/strong>necesarias para los profesionales encargados de la gesti\u00f3n de contenidos audiovisuales, desde su <strong>preservaci\u00f3n<\/strong> hasta su <strong>difusi\u00f3n<\/strong>.  <\/p>\n\n<p><strong>2. FRAME Advanced<\/strong> <\/p>\n\n<p>Una sesi\u00f3n de formaci\u00f3n <strong>presencial de cinco d\u00edas,<\/strong> organizada en oto\u00f1o en el INA o en una instituci\u00f3n asociada en Europa, dedicada a las <strong>pr\u00e1cticas m\u00e1s recientes e innovadoras<\/strong> del sector del patrimonio audiovisual. FRAME Advanced se divide en dos tem\u00e1ticas que se alternan cada a\u00f1o:  <\/p>\n\n<ul class=\"wp-block-list\">\n<li><strong>FRAME Advanced Tech<\/strong> aborda los aspectos <strong>t\u00e9cnicos y tecnol\u00f3gicos<\/strong> de la preservaci\u00f3n y gesti\u00f3n de archivos audiovisuales. <\/li>\n<\/ul>\n\n<ul class=\"wp-block-list\">\n<li><strong>FRAME Advanced Access <\/strong>se centra en cuestiones de <strong>documentaci\u00f3n<\/strong> y <strong>acceso<\/strong> a los contenidos. <\/li>\n<\/ul>\n\n<p>La formaci\u00f3n<strong> FRAME Advanced<\/strong> est\u00e1 <strong>abierta a todos los profesionales,<\/strong> con prioridad para aquellos con<strong> experiencia y formaci\u00f3n<\/strong> previa en el sector. <\/p>\n\n<p><strong>3. FRAME Mentoring<\/strong> <\/p>\n\n<p>Un programa de mentor\u00eda de <strong>seis meses <\/strong>(de junio a diciembre), dirigido a <strong>j\u00f3venes profesionales<\/strong>, para apoyarles en el desarrollo de su <strong>trayectoria profesional<\/strong> o en la implementaci\u00f3n de su <strong>proyecto.<\/strong> <\/p>\n\n<p>El programa incluye: <\/p>\n\n<ul class=\"wp-block-list\">\n<li><strong>Acompa\u00f1amiento en l\u00ednea<\/strong> por parte de un mentor dedicado, experto internacional reconocido; <\/li>\n<\/ul>\n\n<ul class=\"wp-block-list\">\n<li>Una <strong>inmersi\u00f3n profesional de dos semanas<\/strong> en el INA o en una instituci\u00f3n asociada; <\/li>\n<\/ul>\n\n<ul class=\"wp-block-list\">\n<li>Una <strong>acreditaci\u00f3n para participar en la conferencia mundial de FIAT\/IFTA<\/strong>. <\/li>\n<\/ul>\n\n<p><strong>4. FRAME elearning<\/strong> <\/p>\n\n<p>La plataforma digital de formaci\u00f3n FRAME <strong>ofrece m\u00f3dulos de aprendizaje en l\u00ednea multiling\u00fces<\/strong> (franc\u00e9s, ingl\u00e9s, espa\u00f1ol), as\u00ed como recursos pedag\u00f3gicos digitales (v\u00eddeos, bibliograf\u00edas, etc.). <\/p>\n\n<p><strong>5. FRAME Expert<\/strong> <\/p>\n\n<p>Un <strong>taller<\/strong> organizado en el marco de la<strong> conferencia mundial de FIAT\/IFTA<\/strong>, en octubre. Re\u00fane a la <strong>comunidad internacional de profesionales<\/strong> en torno a <strong>cuestiones estrat\u00e9gicas<\/strong>, <strong>retos actuales y evoluciones<\/strong> del sector del patrimonio audiovisual.  <\/p>\n\n<p>Un <a href=\"https:\/\/forms.office.com\/pages\/responsepage.aspx?id=rBNBiJye3UCym-3-d-eWVhWyQDHk_oVKuDbOLe48oxhUOTZBSUtaWDBTNjc4ME5RWlYwWVhBTVBEWC4u&amp;route=shorturl\" target=\"_blank\" rel=\"noreferrer noopener\">cuestionario de orientaci\u00f3n<\/a> est\u00e1 disponible para ayudar a los participantes a identificar qu\u00e9 sesi\u00f3n de FRAME se adapta mejor a sus necesidades. <\/p>\n\n<p>Los <strong>cursos y talleres <\/strong>se imparten en <strong>ingl\u00e9s<\/strong> (los m\u00f3dulos e-learning tambi\u00e9n est\u00e1n disponibles en espa\u00f1ol y franc\u00e9s) por <strong>expertos reconocidos<\/strong> en archivos audiovisuales, procedentes de instituciones europeas e internacionales. Cada a\u00f1o, el programa se <strong>actualiza<\/strong> para<strong> seguir las evoluciones t\u00e9cnicas y tecnol\u00f3gicas<\/strong> del sector y responder a las <strong>expectativas y necesidades de los profesionales. <\/strong>  <\/p>\n\n<p>El <strong>comit\u00e9 FRAME<\/strong>, compuesto por miembros del INA, de los socios del programa (FIAT\/IFTA, EBU Academy), as\u00ed como de organizaciones y profesionales asociados, socios de larga duraci\u00f3n de FRAME (meemoo, Nederlands Instituut voor Beeld en Geluid, RTVE, Rai, RTS, etc.), se re\u00fane cada a\u00f1o para revisar y hacer evolucionar el contenido de las formaciones. <\/p>\n\n<p><strong>Objetivos<\/strong> <\/p>\n\n<p>Los objetivos de FRAME son: <\/p>\n\n<ul class=\"wp-block-list\">\n<li><strong>Desarrollar y fortalecer<\/strong> la red de profesionales europeos e internacionales que trabajan en el \u00e1mbito de los archivos audiovisuales; <\/li>\n<\/ul>\n\n<ul class=\"wp-block-list\">\n<li><strong>Actualizar y desarrollar<\/strong> las competencias y conocimientos de los profesionales a lo largo de su carrera; <\/li>\n<\/ul>\n\n<ul class=\"wp-block-list\">\n<li><strong>Presentar y promover<\/strong> proyectos inspiradores, ejemplos concretos y buenas pr\u00e1cticas; <\/li>\n<\/ul>\n\n<ul class=\"wp-block-list\">\n<li><strong>Ofrecer una visi\u00f3n general<\/strong> de las \u00faltimas pr\u00e1cticas y evoluciones del sector; <\/li>\n<\/ul>\n\n<ul class=\"wp-block-list\">\n<li><strong>Construir un lenguaje com\u00fan<\/strong> y pr\u00e1cticas profesionales compartidas. <\/li>\n<\/ul>\n\n<p><strong>Participar en FRAME<\/strong> <\/p>\n\n<ul class=\"wp-block-list\">\n<li>La inscripci\u00f3n a <strong>FRAME Basics<\/strong>, <strong>FRAME Advanced<\/strong> y <strong>FRAME Mentoring<\/strong> se realiza mediante <strong>convocatorias de candidaturas. <\/strong> <\/li>\n<\/ul>\n\n<ul class=\"wp-block-list\">\n<li>La participaci\u00f3n en el <strong>taller FRAME Expert<\/strong> est\u00e1 <strong>abierta a todos los participantes<\/strong> de la conferencia mundial de FIAT\/IFTA. <\/li>\n<\/ul>\n\n<ul class=\"wp-block-list\">\n<li>L\u2019acc\u00e8s \u00e0 la <strong>plateforme de formation num\u00e9rique FRAME<\/strong> est <strong>ouvert \u00e0 tous<\/strong>. <\/li>\n<\/ul>\n\n<p><strong>Para m\u00e1s informaci\u00f3n<\/strong> y para estar al tanto de las convocatorias: <a href=\"mailto:frame@ina.fr\" target=\"_blank\" rel=\"noreferrer noopener\">frame@ina.fr <\/a> <\/p>\n\n<p><\/p>\n","protected":false},"excerpt":{"rendered":"<p>\u00bfQu\u00e9 es FRAME? FRAME es un programa de formaci\u00f3n anual organizado desde 2010 por INA , en colaboraci\u00f3n con FIAT\/IFTA (Federaci\u00f3n Internacional de Archivos de Televisi\u00f3n) y la EBU Academy (Uni\u00f3n Europea de Radiodifusi\u00f3n), y cofinanciado por el programa Europa Creativa \u2013 MEDIA de la Uni\u00f3n Europea. Est\u00e1 dirigido a profesionales europeos e internacionales del sector del archivo audiovisual. Sus objetivos son: Con un enfoque integral, el programa de formaci\u00f3n FRAME cubre todas las etapas del proceso de gesti\u00f3n de archivos audiovisuales: desde su preservaci\u00f3n, digitalizaci\u00f3n, documentaci\u00f3n, hasta su acceso, reutilizaci\u00f3n y valorizaci\u00f3n, sin olvidar los aspectos jur\u00eddicos, ecol\u00f3gicos, t\u00e9cnicos, &hellip; <\/p>\n","protected":false},"author":7,"featured_media":0,"parent":0,"menu_order":0,"comment_status":"closed","ping_status":"closed","template":"page-nous-contacter.php","meta":{"_acf_changed":false,"footnotes":""},"class_list":["post-588","page","type-page","status-publish","hentry"],"acf":[],"_links":{"self":[{"href":"https:\/\/frameina.com\/es\/wp-json\/wp\/v2\/pages\/588","targetHints":{"allow":["GET"]}}],"collection":[{"href":"https:\/\/frameina.com\/es\/wp-json\/wp\/v2\/pages"}],"about":[{"href":"https:\/\/frameina.com\/es\/wp-json\/wp\/v2\/types\/page"}],"author":[{"embeddable":true,"href":"https:\/\/frameina.com\/es\/wp-json\/wp\/v2\/users\/7"}],"replies":[{"embeddable":true,"href":"https:\/\/frameina.com\/es\/wp-json\/wp\/v2\/comments?post=588"}],"version-history":[{"count":2,"href":"https:\/\/frameina.com\/es\/wp-json\/wp\/v2\/pages\/588\/revisions"}],"predecessor-version":[{"id":1650,"href":"https:\/\/frameina.com\/es\/wp-json\/wp\/v2\/pages\/588\/revisions\/1650"}],"wp:attachment":[{"href":"https:\/\/frameina.com\/es\/wp-json\/wp\/v2\/media?parent=588"}],"curies":[{"name":"wp","href":"https:\/\/api.w.org\/{rel}","templated":true}]}}