{"id":571,"date":"2025-09-22T12:32:50","date_gmt":"2025-09-22T10:32:50","guid":{"rendered":"https:\/\/frameina.com\/sesiones-anteriores\/"},"modified":"2025-10-27T17:48:57","modified_gmt":"2025-10-27T16:48:57","slug":"sesiones-anteriores","status":"publish","type":"page","link":"https:\/\/frameina.com\/es\/sesiones-anteriores\/","title":{"rendered":"Sesiones anteriores"},"content":{"rendered":"<p><span class=\"TextRun SCXW118932006 BCX2\" lang=\"FR-FR\" data-contrast=\"auto\" xml:lang=\"FR-FR\"><span class=\"NormalTextRun SCXW118932006 BCX2\">En esta p\u00e1gina encontrar\u00e1 un listado de las sesiones anteriores de FRAME, junto con los programas correspondientes (cuando disponibles).<\/span><\/span><\/p>\n<p><span data-contrast=\"auto\">FRAME Basics 2025, online, 06\/2025: <a href=\"https:\/\/frameina.com\/wp-content\/uploads\/2025\/09\/2025_06-FRAME_Basics-Booklet.pdf\">Programa<\/a><\/span><span data-ccp-props=\"{\"134233117\":false,\"134233118\":false,\"201341983\":0,\"335559738\":0,\"335559739\":160,\"335559740\":257}\"> <\/span><\/p>\n<p><span data-contrast=\"auto\">FRAME Advanced Tech 2024, RAI Teche \u2013 Tur\u00edn, 12\/2024: <a href=\"https:\/\/frameina.com\/wp-content\/uploads\/2025\/09\/2024_12-FRAME_Advanced_Tech-Booklet.pdf\">Programa<\/a><\/span><span data-ccp-props=\"{\"134233117\":false,\"134233118\":false,\"201341983\":0,\"335559738\":0,\"335559739\":160,\"335559740\":257}\"> <\/span><\/p>\n<p><span data-contrast=\"auto\">FRAME Expert 2024, FIAT\/IFTA World Conference \u2013 Bucarest, 10\/2024: <a href=\"https:\/\/frameina.com\/wp-content\/uploads\/2025\/09\/2024_10-FRAME_Expert-Flyer.pdf\">Programa<\/a><\/span><span data-ccp-props=\"{\"134233117\":false,\"134233118\":false,\"201341983\":0,\"335559738\":0,\"335559739\":160,\"335559740\":257}\"> <\/span><\/p>\n<p><span data-contrast=\"auto\">FRAME Basics 2024, online, 06\/2024: <a href=\"https:\/\/frameina.com\/wp-content\/uploads\/2025\/09\/2024_06-FRAME_Basics-Booklet.pdf\">Programa<\/a><\/span><span data-ccp-props=\"{\"134233117\":false,\"134233118\":false,\"201341983\":0,\"335559738\":0,\"335559739\":160,\"335559740\":257}\"> <\/span><\/p>\n<p><span data-contrast=\"auto\">FRAME Advanced Access 2023, INA \u2013 Par\u00eds, 11\/2023: <a href=\"https:\/\/frameina.com\/wp-content\/uploads\/2025\/09\/2023_11-FRAME_Advanced_Access-Booklet.pdf\">Programa<\/a><\/span><span data-ccp-props=\"{\"134233117\":false,\"134233118\":false,\"201341983\":0,\"335559738\":0,\"335559739\":160,\"335559740\":257}\"> <\/span><\/p>\n<p><span data-contrast=\"auto\">FRAME Expert 2023, FIAT\/IFTA World Conference \u2013 Locarno, 10\/2023: <a href=\"https:\/\/frameina.com\/wp-content\/uploads\/2025\/09\/2023_10-FRAME_Expert-Flyer.pdf\">Programa<\/a><\/span><span data-ccp-props=\"{\"134233117\":false,\"134233118\":false,\"201341983\":0,\"335559738\":0,\"335559739\":160,\"335559740\":257}\"> <\/span><\/p>\n<p><span data-contrast=\"auto\">FRAME Basics 2023, online, 06\/2023: <a href=\"https:\/\/frameina.com\/wp-content\/uploads\/2025\/09\/2023_06-FRAME_Basics-Booklet.pdf\">Programa<\/a><\/span><span data-ccp-props=\"{\"134233117\":false,\"134233118\":false,\"201341983\":0,\"335559738\":0,\"335559739\":160,\"335559740\":257}\"> <\/span><\/p>\n<p><span data-contrast=\"auto\">FRAME Advanced Tech 2022, INA \u2013 Par\u00eds, 11\/2022: <a href=\"https:\/\/frameina.com\/wp-content\/uploads\/2025\/09\/2022_11-FRAME_Advanced_Tech-Booklet.pdf\">Programa<\/a><\/span><span data-ccp-props=\"{\"134233117\":false,\"134233118\":false,\"201341983\":0,\"335559738\":0,\"335559739\":160,\"335559740\":257}\"> <\/span><\/p>\n<p><span data-contrast=\"auto\">FRAME Expert 2022, FIAT\/IFTA World Conference \u2013 Ciudad del Cabo, 10\/2022: <a href=\"https:\/\/frameina.com\/wp-content\/uploads\/2025\/09\/2022_10-FRAME_Expert-Flyer.pdf\">Programa<\/a><\/span><span data-ccp-props=\"{\"134233117\":false,\"134233118\":false,\"201341983\":0,\"335559738\":0,\"335559739\":160,\"335559740\":257}\"> <\/span><\/p>\n<p><span data-contrast=\"auto\">FRAME Tech 2021, online, 11\/2021: <a href=\"https:\/\/frameina.com\/wp-content\/uploads\/2025\/09\/2021_11-FRAME_Tech-Booklet.pdf\">Programa<\/a><\/span><span data-ccp-props=\"{\"134233117\":false,\"134233118\":false,\"201341983\":0,\"335559738\":0,\"335559739\":160,\"335559740\":257}\"> <\/span><\/p>\n<p><span data-contrast=\"auto\">FRAME Basics 2022, online, 06\/2022: <a href=\"https:\/\/frameina.com\/wp-content\/uploads\/2025\/09\/2022_06-FRAME_Basics-Booklet.pdf\">Programa<\/a><\/span><span data-ccp-props=\"{\"134233117\":false,\"134233118\":false,\"201341983\":0,\"335559738\":0,\"335559739\":160,\"335559740\":257}\"> <\/span><\/p>\n<p><span data-contrast=\"auto\">FRAME Expert 2021, FIAT\/IFTA World Conference \u2013 online, 10\/2021: <a href=\"https:\/\/frameina.com\/wp-content\/uploads\/2025\/09\/2021_10-FRAME_Expert-Flyer.pdf\">Programa<\/a><\/span><span data-ccp-props=\"{\"134233117\":false,\"134233118\":false,\"201341983\":0,\"335559738\":0,\"335559739\":160,\"335559740\":257}\"> <\/span><\/p>\n<p><span data-contrast=\"auto\">FRAME Access 2021, online, 06\/2021: <a href=\"https:\/\/frameina.com\/wp-content\/uploads\/2025\/09\/2021_06-FRAME_Access-Booklet.pdf\">Programa<\/a><\/span><span data-ccp-props=\"{\"134233117\":false,\"134233118\":false,\"201341983\":0,\"335559738\":0,\"335559739\":160,\"335559740\":257}\"> <\/span><\/p>\n<p><span data-contrast=\"auto\">FRAME Expert 2020, FIAT\/IFTA World Conference \u2013 online, 10\/2020: <a href=\"https:\/\/frameina.com\/wp-content\/uploads\/2025\/09\/2020_10-FRAME_Expert-Flyer.pdf\">Programa<\/a><\/span><span data-ccp-props=\"{\"134233117\":false,\"134233118\":false,\"201341983\":0,\"335559738\":0,\"335559739\":160,\"335559740\":257}\"> <\/span><\/p>\n<p><span data-contrast=\"auto\">FRAME Access 2019, TVR \u2013 Televisi\u00f3n P\u00fablica de Ruman\u00eda &#8211; Bucarest, 11\/2019: <a href=\"https:\/\/frameina.com\/wp-content\/uploads\/2025\/09\/2019_11-FRAME_Access-Booklet.pdf\">Programa<\/a><\/span><span data-ccp-props=\"{\"134233117\":false,\"134233118\":false,\"201341983\":0,\"335559738\":0,\"335559739\":160,\"335559740\":257}\"> <\/span><\/p>\n<p><span data-contrast=\"auto\">FRAME Expert 2019, FIAT\/IFTA World Conference \u2013 Dubrovnik, 10\/2019: <a href=\"https:\/\/frameina.com\/wp-content\/uploads\/2025\/09\/2019_10-FRAME_Expert-Flyer.pdf\">Programa<\/a><\/span><span data-ccp-props=\"{\"134233117\":false,\"134233118\":false,\"201341983\":0,\"335559738\":0,\"335559739\":160,\"335559740\":257}\"> <\/span><\/p>\n<p><span data-contrast=\"auto\">FRAME Tech 2019, INA \u2013 Par\u00eds, 06\/2019: <a href=\"https:\/\/frameina.com\/wp-content\/uploads\/2025\/09\/2019_06-FRAME_Tech-Booklet.pdf\">Programa<\/a><\/span><span data-ccp-props=\"{\"134233117\":false,\"134233118\":false,\"201341983\":0,\"335559738\":0,\"335559739\":160,\"335559740\":257}\"> <\/span><\/p>\n<p><span data-contrast=\"auto\">FRAME Access 2018, RT\u00c9 \u2013 Radio Televisi\u00f3n de Irlanda \u2013 Dubl\u00edn, 11\/2018: <a href=\"https:\/\/frameina.com\/wp-content\/uploads\/2025\/09\/2018_11-FRAME_Session2-Booklet.pdf\">Programa<\/a><\/span><span data-ccp-props=\"{\"134233117\":false,\"134233118\":false,\"201341983\":0,\"335559738\":0,\"335559739\":160,\"335559740\":257}\"> <\/span><\/p>\n<p><span data-contrast=\"auto\">FRAME Executive 2018, FIAT\/IFTA World Conference, 10\/2018 \u2013 Venecia: <a href=\"https:\/\/frameina.com\/wp-content\/uploads\/2025\/09\/2018_10-FRAME_Executive-Booklet.pdf\">Programa<\/a><\/span><span data-ccp-props=\"{\"134233117\":false,\"134233118\":false,\"201341983\":0,\"335559738\":0,\"335559739\":160,\"335559740\":257}\"> <\/span><\/p>\n<p><span data-contrast=\"auto\">FRAME Tech 2018, INA \u2013 Par\u00eds, 06\/2018: <a href=\"https:\/\/frameina.com\/wp-content\/uploads\/2025\/09\/2018_06-FRAME_Session1-Booklet.pdf\">Programa<\/a><\/span><span data-ccp-props=\"{\"134233117\":false,\"134233118\":false,\"201341983\":0,\"335559738\":0,\"335559739\":160,\"335559740\":257}\"> <\/span><\/p>\n<p><span data-contrast=\"auto\">FRAME Access 2017, Instituto Neerland\u00e9s de Sonido e Imagen \u2013 Hilversum, 11\/2017: <a href=\"https:\/\/frameina.com\/wp-content\/uploads\/2025\/09\/2017_11-FRAME_Session2-Booklet.pdf\">Programa<\/a><\/span><span data-ccp-props=\"{\"134233117\":false,\"134233118\":false,\"201341983\":0,\"335559738\":0,\"335559739\":160,\"335559740\":257}\"> <\/span><\/p>\n<p><span data-contrast=\"auto\">FRAME Tech 2017, INA \u2013 Par\u00eds, 06\/2017: <a href=\"https:\/\/frameina.com\/wp-content\/uploads\/2025\/09\/2017_06-FRAME_Session1-Booklet.pdf\">Programa<\/a><\/span><span data-ccp-props=\"{\"134233117\":false,\"134233118\":false,\"201341983\":0,\"335559738\":0,\"335559739\":160,\"335559740\":257}\"> <\/span><\/p>\n<p><span data-contrast=\"auto\">FRAME 2016 \u2013 Sesi\u00f3n 2, INA \u2013 Par\u00eds, 10\/2016: <a href=\"https:\/\/frameina.com\/wp-content\/uploads\/2025\/10\/Programme-FRAME-session-2-_-October2016.pdf\">Programa<\/a><\/span><span data-ccp-props=\"{\"134233117\":false,\"134233118\":false,\"201341983\":0,\"335559738\":0,\"335559739\":160,\"335559740\":257}\"> <\/span><\/p>\n<p><span data-contrast=\"auto\">FRAME 2016 \u2013 Sesi\u00f3n 1, INA \u2013 Par\u00eds, 09\/2016: <a href=\"https:\/\/frameina.com\/wp-content\/uploads\/2025\/10\/Programme-FRAME-session-1-_-September2016.pdf\">Programa<\/a><\/span><span data-ccp-props=\"{\"134233117\":false,\"134233118\":false,\"201341983\":0,\"335559738\":0,\"335559739\":160,\"335559740\":257}\"> <\/span><\/p>\n<p><span data-contrast=\"auto\">FRAME 2015 \u2013 Sesi\u00f3n 2, INA \u2013 Par\u00eds, 10\/2015: <a href=\"https:\/\/frameina.com\/wp-content\/uploads\/2025\/10\/Livret-FRAME-2015-session-2.pdf\">Programa<\/a><\/span><span data-ccp-props=\"{\"134233117\":false,\"134233118\":false,\"201341983\":0,\"335559738\":0,\"335559739\":160,\"335559740\":257}\"> <\/span><\/p>\n<p><span data-contrast=\"auto\">FRAME 2015 \u2013 Sesi\u00f3n 1, INA \u2013 Par\u00eds, 06\/2015: <a href=\"https:\/\/frameina.com\/wp-content\/uploads\/2025\/09\/2015_06-FRAME_Session1-Booklet.pdf\">Programa<\/a><\/span><span data-ccp-props=\"{\"134233117\":false,\"134233118\":false,\"201341983\":0,\"335559738\":0,\"335559739\":160,\"335559740\":257}\"> <\/span><\/p>\n<p><span data-contrast=\"auto\">FRAME 2014 \u2013 Sesi\u00f3n 2, INA \u2013 Par\u00eds, 10\/2014: <a href=\"https:\/\/frameina.com\/wp-content\/uploads\/2025\/10\/Livret-FRAME-2015-session-2.pdf\">Programa<\/a><\/span><span data-ccp-props=\"{\"134233117\":false,\"134233118\":false,\"201341983\":0,\"335559738\":0,\"335559739\":160,\"335559740\":257}\"> <\/span><\/p>\n<p><span data-contrast=\"auto\">FRAME 2014 \u2013 Sesi\u00f3n 1, INA \u2013 Par\u00eds, 06\/2014: <a href=\"https:\/\/frameina.com\/wp-content\/uploads\/2025\/09\/2014_06-FRAME_Session1-Booklet.pdf\">Programa<\/a><\/span><span data-ccp-props=\"{\"134233117\":false,\"134233118\":false,\"201341983\":0,\"335559738\":0,\"335559739\":160,\"335559740\":257}\"> <\/span><\/p>\n<p><span data-contrast=\"auto\">FRAME 2013 \u2013 Sesi\u00f3n 2, INA \u2013 Par\u00eds, 10\/2013: <a href=\"https:\/\/frameina.com\/wp-content\/uploads\/2025\/10\/Livret-FRAME-2013-version-24092013.pdf\">Programa<\/a><\/span><span data-ccp-props=\"{\"134233117\":false,\"134233118\":false,\"201341983\":0,\"335559738\":0,\"335559739\":160,\"335559740\":257}\"> <\/span><\/p>\n<p><span data-contrast=\"auto\">FRAME 2013 \u2013 Sesi\u00f3n 1, INA \u2013 Par\u00eds, 06\/2013: <a href=\"https:\/\/frameina.com\/wp-content\/uploads\/2025\/09\/2013_06-FRAME_Session1-Booklet.pdf\">Programa<\/a><\/span><span data-ccp-props=\"{\"134233117\":false,\"134233118\":false,\"201341983\":0,\"335559738\":0,\"335559739\":160,\"335559740\":257}\"> <\/span><\/p>\n<p><span data-contrast=\"auto\">FRAME 2012, INA \u2013 Par\u00eds, 10\/2012: <a href=\"https:\/\/frameina.com\/wp-content\/uploads\/2025\/10\/Livret-FRAME-2012-_11102012.pdf\">Programa<\/a><\/span><span data-ccp-props=\"{\"134233117\":false,\"134233118\":false,\"201341983\":0,\"335559738\":0,\"335559739\":160,\"335559740\":257}\"> <\/span><\/p>\n<p><span data-contrast=\"auto\">FRAME 2011 \u2013 Sesi\u00f3n 2, INA \u2013 Par\u00eds, 11\/2011: <a href=\"https:\/\/frameina.com\/wp-content\/uploads\/2025\/10\/2011_10-FRAME_Session2-Booklet.pdf\">Programa<\/a><\/span><span data-ccp-props=\"{\"134233117\":false,\"134233118\":false,\"201341983\":0,\"335559738\":0,\"335559739\":160,\"335559740\":257}\"> <\/span><\/p>\n<p><span data-contrast=\"auto\">FRAME 2011 \u2013 Sesi\u00f3n 1, INA \u2013 Par\u00eds, 06\/2011: <a href=\"https:\/\/frameina.com\/wp-content\/uploads\/2025\/09\/2011_06-FRAME_Session1-Booklet.pdf\">Programa<\/a><\/span><span data-ccp-props=\"{\"134233117\":false,\"134233118\":false,\"201341983\":0,\"335559738\":0,\"335559739\":160,\"335559740\":257}\"> <\/span><\/p>\n<p><span data-contrast=\"auto\">FRAME 2010, INA \u2013 Par\u00eds, 06\/2010: <a href=\"https:\/\/frameina.com\/wp-content\/uploads\/2025\/09\/2010_06-FRAME-Booklet.pdf\">Programa<\/a><\/span><span data-ccp-props=\"{}\"> <\/span><\/p>\n","protected":false},"excerpt":{"rendered":"<p>En esta p\u00e1gina encontrar\u00e1 un listado de las sesiones anteriores de FRAME, junto con los programas correspondientes (cuando disponibles). FRAME Basics 2025, online, 06\/2025: Programa FRAME Advanced Tech 2024, RAI Teche \u2013 Tur\u00edn, 12\/2024: Programa FRAME Expert 2024, FIAT\/IFTA World Conference \u2013 Bucarest, 10\/2024: Programa FRAME Basics 2024, online, 06\/2024: Programa FRAME Advanced Access 2023, INA \u2013 Par\u00eds, 11\/2023: Programa FRAME Expert 2023, FIAT\/IFTA World Conference \u2013 Locarno, 10\/2023: Programa FRAME Basics 2023, online, 06\/2023: Programa FRAME Advanced Tech 2022, INA \u2013 Par\u00eds, 11\/2022: Programa FRAME Expert 2022, FIAT\/IFTA World Conference \u2013 Ciudad del Cabo, 10\/2022: Programa FRAME Tech 2021, &hellip; <\/p>\n","protected":false},"author":7,"featured_media":0,"parent":0,"menu_order":0,"comment_status":"closed","ping_status":"closed","template":"page-nous-contacter.php","meta":{"_acf_changed":false,"footnotes":""},"class_list":["post-571","page","type-page","status-publish","hentry"],"acf":[],"_links":{"self":[{"href":"https:\/\/frameina.com\/es\/wp-json\/wp\/v2\/pages\/571","targetHints":{"allow":["GET"]}}],"collection":[{"href":"https:\/\/frameina.com\/es\/wp-json\/wp\/v2\/pages"}],"about":[{"href":"https:\/\/frameina.com\/es\/wp-json\/wp\/v2\/types\/page"}],"author":[{"embeddable":true,"href":"https:\/\/frameina.com\/es\/wp-json\/wp\/v2\/users\/7"}],"replies":[{"embeddable":true,"href":"https:\/\/frameina.com\/es\/wp-json\/wp\/v2\/comments?post=571"}],"version-history":[{"count":3,"href":"https:\/\/frameina.com\/es\/wp-json\/wp\/v2\/pages\/571\/revisions"}],"predecessor-version":[{"id":2111,"href":"https:\/\/frameina.com\/es\/wp-json\/wp\/v2\/pages\/571\/revisions\/2111"}],"wp:attachment":[{"href":"https:\/\/frameina.com\/es\/wp-json\/wp\/v2\/media?parent=571"}],"curies":[{"name":"wp","href":"https:\/\/api.w.org\/{rel}","templated":true}]}}