{"id":557,"date":"2025-09-18T14:35:36","date_gmt":"2025-09-18T12:35:36","guid":{"rendered":"https:\/\/frameina.com\/catalogue\/"},"modified":"2025-10-29T18:23:48","modified_gmt":"2025-10-29T17:23:48","slug":"catalogue","status":"publish","type":"page","link":"https:\/\/frameina.com\/es\/catalogue\/","title":{"rendered":"CAT\u00c1LOGO"},"content":{"rendered":"<p><strong>El e-learning con FRAME, una experiencia pedag\u00f3gica al servicio de tu carrera<\/strong><\/p>\n<p>Concebida por los equipos pedag\u00f3gicos del INA y enriquecida por la experiencia de sus ponentes internacionales, la plataforma de <strong>e-learning <\/strong><strong>FRAME<\/strong> te ofrece una oferta de formaci\u00f3n en l\u00ednea <strong>rica, accesible y evolutiva.<\/strong><\/p>\n<p><strong>M\u00f3dulos pensados para ti<\/strong><\/p>\n<p>Los diferentes m\u00f3dulos disponibles en la plataforma te permiten:<\/p>\n<ul>\n<li><strong>Desarrollar tus competencias<\/strong> a tu ritmo, seg\u00fan tus disponibilidades y prioridades;<\/li>\n<li><strong>Explorar temas clave<\/strong> del sector: preservaci\u00f3n, documentaci\u00f3n, acceso, valorizaci\u00f3n, innovaciones tecnol\u00f3gicas, cuestiones jur\u00eddicas, etc.;<\/li>\n<li><strong>Acceder a contenidos multiling\u00fces <\/strong>(franc\u00e9s, ingl\u00e9s, espa\u00f1ol) adaptados a un p\u00fablico internacional.<\/li>\n<\/ul>\n\n<p><strong>Una formaci\u00f3n flexible, eficaz y atractiva<\/strong><\/p>\n<p>Gracias a un enfoque pedag\u00f3gico interactivo y a recursos variados (v\u00eddeos, estudios de caso, bibliograf\u00edas, cuestionarios, testimonios), las formaciones FRAME te ofrecen:<\/p>\n<ul>\n<li>Una <strong>autonom\u00eda total<\/strong> en tu aprendizaje;<\/li>\n<li><strong>Una progresi\u00f3n estructurada<\/strong> y acompa\u00f1ada;<\/li>\n<li><strong>Contenidos actualizados<\/strong> en relaci\u00f3n con las evoluciones del sector.<\/li>\n<\/ul>\n<p><strong>Comp\u00f3n tu propio recorrido de formaci\u00f3n <\/strong>seleccionando los m\u00f3dulos que mejor respondan a tus objetivos profesionales. Con su enfoque modular, FRAME e-learning te permite<g id=\"gid_1\"> personalizar tu aprendizaje<\/g> seg\u00fan tu nivel, tus necesidades y \u00e1reas de inter\u00e9s. Es la garant\u00eda de un<strong> recorrido coherente, progresivo y adaptado a tu realidad profesional. <\/strong>  <\/p>\n","protected":false},"excerpt":{"rendered":"<p>El e-learning con FRAME, una experiencia pedag\u00f3gica al servicio de tu carrera Concebida por los equipos pedag\u00f3gicos del INA y enriquecida por la experiencia de sus ponentes internacionales, la plataforma de e-learning FRAME te ofrece una oferta de formaci\u00f3n en l\u00ednea rica, accesible y evolutiva. M\u00f3dulos pensados para ti Los diferentes m\u00f3dulos disponibles en la plataforma te permiten: Desarrollar tus competencias a tu ritmo, seg\u00fan tus disponibilidades y prioridades; Explorar temas clave del sector: preservaci\u00f3n, documentaci\u00f3n, acceso, valorizaci\u00f3n, innovaciones tecnol\u00f3gicas, cuestiones jur\u00eddicas, etc.; Acceder a contenidos multiling\u00fces (franc\u00e9s, ingl\u00e9s, espa\u00f1ol) adaptados a un p\u00fablico internacional. Una formaci\u00f3n flexible, eficaz y &hellip; <\/p>\n","protected":false},"author":7,"featured_media":0,"parent":0,"menu_order":0,"comment_status":"closed","ping_status":"closed","template":"page-catalogue.php","meta":{"_acf_changed":false,"footnotes":""},"class_list":["post-557","page","type-page","status-publish","hentry"],"acf":[],"_links":{"self":[{"href":"https:\/\/frameina.com\/es\/wp-json\/wp\/v2\/pages\/557","targetHints":{"allow":["GET"]}}],"collection":[{"href":"https:\/\/frameina.com\/es\/wp-json\/wp\/v2\/pages"}],"about":[{"href":"https:\/\/frameina.com\/es\/wp-json\/wp\/v2\/types\/page"}],"author":[{"embeddable":true,"href":"https:\/\/frameina.com\/es\/wp-json\/wp\/v2\/users\/7"}],"replies":[{"embeddable":true,"href":"https:\/\/frameina.com\/es\/wp-json\/wp\/v2\/comments?post=557"}],"version-history":[{"count":13,"href":"https:\/\/frameina.com\/es\/wp-json\/wp\/v2\/pages\/557\/revisions"}],"predecessor-version":[{"id":2314,"href":"https:\/\/frameina.com\/es\/wp-json\/wp\/v2\/pages\/557\/revisions\/2314"}],"wp:attachment":[{"href":"https:\/\/frameina.com\/es\/wp-json\/wp\/v2\/media?parent=557"}],"curies":[{"name":"wp","href":"https:\/\/api.w.org\/{rel}","templated":true}]}}