{"id":1642,"date":"2025-10-08T17:53:31","date_gmt":"2025-10-08T15:53:31","guid":{"rendered":"https:\/\/frameina.com\/frame-mentoring\/"},"modified":"2025-10-08T17:53:31","modified_gmt":"2025-10-08T15:53:31","slug":"frame-mentoring","status":"publish","type":"page","link":"https:\/\/frameina.com\/es\/frame-mentoring\/","title":{"rendered":"Frame mentoring"},"content":{"rendered":"<p>Un programa de mentor\u00eda de 6 meses \u2013 de junio a diciembre \u2013 dirigido a j\u00f3venes profesionales para apoyarlos en el desarrollo de su trayectoria profesional o en la implementaci\u00f3n de su proyecto. Durante 6 meses, contar\u00e1s con la asistencia de un mentor, un profesional europeo o internacional reconocido en el sector de los archivos audiovisuales. <strong>El objetivo: ayudarte a desarrollar tu proyecto profesional y tu carrera.<\/strong><\/p>\n<p>El programa de mentor\u00eda incluye:<\/p>\n<ul>\n<li><strong>Intercambios en l\u00ednea mensuales con tu mentor y otros expertos, de junio a diciembre de 2025<\/strong><\/li>\n<li><strong>Una inmersi\u00f3n profesional de dos semanas en el INA o en la organizaci\u00f3n de tu mentor, durante el oto\u00f1o de 2024<\/strong><\/li>\n<li><strong>Acreditaci\u00f3n para la pr\u00f3xima Conferencia Mundial FIAT\/IFTA, que se celebrar\u00e1 en Roma, Italia, en octubre de 2025, y que te ofrecer\u00e1 una visi\u00f3n general de las \u00faltimas tendencias en archivos audiovisuales y una oportunidad para ampliar tu red profesional.<\/strong><\/li>\n<\/ul>\n<p>Todos los gastos (vuelos, hoteles, almuerzos) est\u00e1n cubiertos al 100 % por la beca del programa.<\/p>\n<p><strong>FRAME Mentoring<\/strong> est\u00e1 dirigido a todos los j\u00f3venes profesionales del \u00e1mbito del patrimonio audiovisual con menos de 5 a\u00f1os de experiencia (en el mismo puesto o en uno similar), independientemente de su edad, nacionalidad, cargo o \u00e1rea de actividad. El programa se dirige principalmente a profesionales implicados en un proyecto en curso o pr\u00f3ximo a iniciarse. <\/p>\n<p>El proyecto del mentee puede abarcar (lista no exhaustiva) :<\/p>\n<ul>\n<li><strong>Dise\u00f1o e implementaci\u00f3n de un flujo de trabajo de archivado<\/strong><\/li>\n<li><strong>Recolecci\u00f3n de archivos audiovisuales<\/strong><\/li>\n<li><strong>Preservaci\u00f3n de soportes f\u00edsicos de archivos audiovisuales<\/strong><\/li>\n<li><strong>Plan de digitalizaci\u00f3n<\/strong><\/li>\n<li><strong>Restauraci\u00f3n audiovisual y cinematogr\u00e1fica<\/strong><\/li>\n<li><strong>Gesti\u00f3n de archivos digitales<\/strong><\/li>\n<li><strong>Gesti\u00f3n, especialmente de un departamento de archivos audiovisuales<\/strong><\/li>\n<li><strong>Documentaci\u00f3n<\/strong><\/li>\n<li><strong>Definici\u00f3n de modelos de datos y gesti\u00f3n de bases de datos audiovisuales<\/strong><\/li>\n<li><strong>IA aplicada a archivos audiovisuales<\/strong><\/li>\n<li><strong>Gesti\u00f3n de derechos<\/strong><\/li>\n<li><strong>Investigaci\u00f3n y proyectos acad\u00e9micos que utilicen archivos y datos audiovisuales<\/strong><\/li>\n<li><strong>Acceso educativo y proyectos pedag\u00f3gicos con archivos audiovisuales<\/strong><\/li>\n<li><strong>Proyectos de acceso cultural con archivos audiovisuales<\/strong><\/li>\n<li><strong>Editorializaci\u00f3n y uso de archivos audiovisuales para producir informaci\u00f3n<\/strong><\/li>\n<li><strong>Producci\u00f3n de contenidos audiovisuales basados en archivos (pel\u00edculas, documentales, contenidos digitales e innovadores)<\/strong><\/li>\n<\/ul>\n","protected":false},"excerpt":{"rendered":"<p>Un programa de mentor\u00eda de 6 meses \u2013 de junio a diciembre \u2013 dirigido a j\u00f3venes profesionales para apoyarlos en el desarrollo de su trayectoria profesional o en la implementaci\u00f3n de su proyecto. Durante 6 meses, contar\u00e1s con la asistencia de un mentor, un profesional europeo o internacional reconocido en el sector de los archivos audiovisuales. El objetivo: ayudarte a desarrollar tu proyecto profesional y tu carrera. El programa de mentor\u00eda incluye: Intercambios en l\u00ednea mensuales con tu mentor y otros expertos, de junio a diciembre de 2025 Una inmersi\u00f3n profesional de dos semanas en el INA o en la &hellip; <\/p>\n","protected":false},"author":7,"featured_media":0,"parent":0,"menu_order":0,"comment_status":"closed","ping_status":"closed","template":"page-nous-contacter.php","meta":{"_acf_changed":false,"footnotes":""},"class_list":["post-1642","page","type-page","status-publish","hentry"],"acf":[],"_links":{"self":[{"href":"https:\/\/frameina.com\/es\/wp-json\/wp\/v2\/pages\/1642","targetHints":{"allow":["GET"]}}],"collection":[{"href":"https:\/\/frameina.com\/es\/wp-json\/wp\/v2\/pages"}],"about":[{"href":"https:\/\/frameina.com\/es\/wp-json\/wp\/v2\/types\/page"}],"author":[{"embeddable":true,"href":"https:\/\/frameina.com\/es\/wp-json\/wp\/v2\/users\/7"}],"replies":[{"embeddable":true,"href":"https:\/\/frameina.com\/es\/wp-json\/wp\/v2\/comments?post=1642"}],"version-history":[{"count":0,"href":"https:\/\/frameina.com\/es\/wp-json\/wp\/v2\/pages\/1642\/revisions"}],"wp:attachment":[{"href":"https:\/\/frameina.com\/es\/wp-json\/wp\/v2\/media?parent=1642"}],"curies":[{"name":"wp","href":"https:\/\/api.w.org\/{rel}","templated":true}]}}