{"id":1640,"date":"2025-10-08T17:50:56","date_gmt":"2025-10-08T15:50:56","guid":{"rendered":"https:\/\/frameina.com\/frame-advanced\/"},"modified":"2025-10-08T17:50:56","modified_gmt":"2025-10-08T15:50:56","slug":"frame-advanced","status":"publish","type":"page","link":"https:\/\/frameina.com\/es\/frame-advanced\/","title":{"rendered":"Frame Advanced"},"content":{"rendered":"<p>Una formaci\u00f3n presencial de 5 d\u00edas, organizada en oto\u00f1o en el INA o en una instituci\u00f3n europea asociada, se centra en las pr\u00e1cticas m\u00e1s recientes e innovadoras del sector del patrimonio audiovisual.<\/p>\n<p><strong>FRAME Advanced Tech<\/strong> aborda los aspectos t\u00e9cnicos y tecnol\u00f3gicos de la preservaci\u00f3n y gesti\u00f3n de archivos audiovisuales.<\/p>\n<p><strong>FRAME Advanced Access<\/strong> trata temas relacionados con la documentaci\u00f3n y el acceso.<\/p>\n<p>La formaci\u00f3n se enfoca en las pr\u00e1cticas m\u00e1s recientes e innovadoras del sector del patrimonio audiovisual. Cada a\u00f1o, la sesi\u00f3n se dedica bien a los aspectos t\u00e9cnicos y tecnol\u00f3gicos de la preservaci\u00f3n y gesti\u00f3n de archivos (FRAME Advanced <strong>Tech<\/strong>), bien a los temas de documentaci\u00f3n y acceso (FRAME Advanced <strong>Access<\/strong>). <\/p>\n<p><strong>FRAME Advanced <\/strong>est\u00e1 dirigida a todos los profesionales europeos e internacionales que trabajan en el \u00e1mbito de los archivos audiovisuales, independientemente de su edad, nacionalidad o \u00e1rea de actividad (t\u00e9cnica, documentaci\u00f3n, producci\u00f3n, etc.). Sin embargo, est\u00e1 destinada principalmente a profesionales que dominan los conocimientos fundamentales del archivado audiovisual y cuentan con experiencia previa o formaci\u00f3n espec\u00edfica. Los conceptos b\u00e1sicos no se revisar\u00e1n, ya que se consideran adquiridos por los participantes.  <\/p>\n<p>Se seleccionan 15 candidatos.<br \/>\nEn 2025, la sesi\u00f3n FRAME Advanced ser\u00e1 la dedicada al \u00abAccess\u00bb, que cubrir\u00e1 temas como:<\/p>\n<ul>\n<li><strong>Documentaci\u00f3n y descripci\u00f3n de colecciones audiovisuales<\/strong><\/li>\n<li><strong>Modelos y gesti\u00f3n de datos\/metadatos<\/strong><\/li>\n<li><strong>IA aplicada a la documentaci\u00f3n y gesti\u00f3n de datos de colecciones audiovisuales<\/strong><\/li>\n<li><strong>Estrategias de acceso<\/strong><\/li>\n<li><strong>Marcos legales para el acceso y uso de archivos<\/strong><\/li>\n<li><strong>Dise\u00f1o, gesti\u00f3n y \u00e9tica de proyectos de acceso<\/strong><\/li>\n<li><strong>Producci\u00f3n multimedia basada en archivos, nuevos formatos y estrategias de difusi\u00f3n<\/strong><\/li>\n<li><strong>Acceso y usos acad\u00e9micos de archivos<\/strong><\/li>\n<li><strong>Usos educativos y proyectos relacionados con archivos<\/strong><\/li>\n<li><strong>IA para la editorializaci\u00f3n y el acceso a contenidos audiovisuales<\/strong><\/li>\n<\/ul>\n<p>Los cursos ser\u00e1n dise\u00f1ados e impartidos en ingl\u00e9s por expertos europeos e internacionales reconocidos, quienes compartir\u00e1n sus mejores pr\u00e1cticas, experiencias e innovaciones. La formaci\u00f3n alternar\u00e1 presentaciones te\u00f3ricas y formatos interactivos: talleres, estudios de caso, intercambio de experiencias, etc. Adem\u00e1s, incluir\u00e1 visitas profesionales al INA y a una instituci\u00f3n asociada, as\u00ed como momentos de networking. <\/p>\n","protected":false},"excerpt":{"rendered":"<p>Una formaci\u00f3n presencial de 5 d\u00edas, organizada en oto\u00f1o en el INA o en una instituci\u00f3n europea asociada, se centra en las pr\u00e1cticas m\u00e1s recientes e innovadoras del sector del patrimonio audiovisual. FRAME Advanced Tech aborda los aspectos t\u00e9cnicos y tecnol\u00f3gicos de la preservaci\u00f3n y gesti\u00f3n de archivos audiovisuales. FRAME Advanced Access trata temas relacionados con la documentaci\u00f3n y el acceso. La formaci\u00f3n se enfoca en las pr\u00e1cticas m\u00e1s recientes e innovadoras del sector del patrimonio audiovisual. Cada a\u00f1o, la sesi\u00f3n se dedica bien a los aspectos t\u00e9cnicos y tecnol\u00f3gicos de la preservaci\u00f3n y gesti\u00f3n de archivos (FRAME Advanced Tech), &hellip; <\/p>\n","protected":false},"author":7,"featured_media":0,"parent":0,"menu_order":0,"comment_status":"closed","ping_status":"closed","template":"page-nous-contacter.php","meta":{"_acf_changed":false,"footnotes":""},"class_list":["post-1640","page","type-page","status-publish","hentry"],"acf":[],"_links":{"self":[{"href":"https:\/\/frameina.com\/es\/wp-json\/wp\/v2\/pages\/1640","targetHints":{"allow":["GET"]}}],"collection":[{"href":"https:\/\/frameina.com\/es\/wp-json\/wp\/v2\/pages"}],"about":[{"href":"https:\/\/frameina.com\/es\/wp-json\/wp\/v2\/types\/page"}],"author":[{"embeddable":true,"href":"https:\/\/frameina.com\/es\/wp-json\/wp\/v2\/users\/7"}],"replies":[{"embeddable":true,"href":"https:\/\/frameina.com\/es\/wp-json\/wp\/v2\/comments?post=1640"}],"version-history":[{"count":0,"href":"https:\/\/frameina.com\/es\/wp-json\/wp\/v2\/pages\/1640\/revisions"}],"wp:attachment":[{"href":"https:\/\/frameina.com\/es\/wp-json\/wp\/v2\/media?parent=1640"}],"curies":[{"name":"wp","href":"https:\/\/api.w.org\/{rel}","templated":true}]}}