{"id":1638,"date":"2025-10-08T17:49:35","date_gmt":"2025-10-08T15:49:35","guid":{"rendered":"https:\/\/frameina.com\/frame-basics\/"},"modified":"2025-10-08T17:49:35","modified_gmt":"2025-10-08T15:49:35","slug":"frame-basics","status":"publish","type":"page","link":"https:\/\/frameina.com\/es\/frame-basics\/","title":{"rendered":"Frame Basics"},"content":{"rendered":"<p>Una formaci\u00f3n en l\u00ednea de 6 medias jornadas, organizada durante la primavera, proporciona los conocimientos y habilidades fundamentales necesarios para los profesionales que gestionan contenido audiovisual, desde su preservaci\u00f3n hasta su reutilizaci\u00f3n. FRAME Basics est\u00e1 dirigida prioritariamente a profesionales con menos experiencia y\/o que necesitan adquirir conocimientos b\u00e1sicos. <\/p>\n<p>El programa de formaci\u00f3n cubrir\u00e1 todo el proceso de gesti\u00f3n del contenido audiovisual: desde su preservaci\u00f3n, digitalizaci\u00f3n, documentaci\u00f3n hasta su acceso, reutilizaci\u00f3n y promoci\u00f3n. Se centrar\u00e1 en los conocimientos y habilidades fundamentales necesarios para los profesionales que trabajan en la gesti\u00f3n de colecciones audiovisuales. <\/p>\n<p>Se abordar\u00e1n los siguientes temas (lista no exhaustiva) :<\/p>\n<ul>\n<li><strong>Asociaciones y redes internacionales del patrimonio audiovisual<\/strong><\/li>\n<li><strong>El proceso de archivado<\/strong><\/li>\n<li><strong>Estrategias de acceso<\/strong><\/li>\n<li><strong>Estudios de casos de proyectos de acceso<\/strong><\/li>\n<li><strong>Soportes f\u00edsicos de medios audiovisuales<\/strong><\/li>\n<li><strong>Proceso de migraci\u00f3n<\/strong><\/li>\n<li><strong>Dise\u00f1o e implementaci\u00f3n de planes y proyectos de digitalizaci\u00f3n<\/strong><\/li>\n<li><strong>Formatos de archivos digitales audiovisuales<\/strong><\/li>\n<li><strong>Proceso de documentaci\u00f3n y gesti\u00f3n de datos<\/strong><\/li>\n<li><strong>Uso de datos<\/strong><\/li>\n<li><strong>IA aplicada a archivos audiovisuales<\/strong><\/li>\n<li><strong>Marco legal y derechos de autor en archivos audiovisuales<\/strong><\/li>\n<\/ul>\n<p>Los cursos ser\u00e1n dise\u00f1ados e impartidos, en ingl\u00e9s, por expertos europeos e internacionales reconocidos. Compartir\u00e1n sus mejores pr\u00e1cticas, consejos y conocimientos fundamentales. <\/p>\n","protected":false},"excerpt":{"rendered":"<p>Una formaci\u00f3n en l\u00ednea de 6 medias jornadas, organizada durante la primavera, proporciona los conocimientos y habilidades fundamentales necesarios para los profesionales que gestionan contenido audiovisual, desde su preservaci\u00f3n hasta su reutilizaci\u00f3n. FRAME Basics est\u00e1 dirigida prioritariamente a profesionales con menos experiencia y\/o que necesitan adquirir conocimientos b\u00e1sicos. El programa de formaci\u00f3n cubrir\u00e1 todo el proceso de gesti\u00f3n del contenido audiovisual: desde su preservaci\u00f3n, digitalizaci\u00f3n, documentaci\u00f3n hasta su acceso, reutilizaci\u00f3n y promoci\u00f3n. Se centrar\u00e1 en los conocimientos y habilidades fundamentales necesarios para los profesionales que trabajan en la gesti\u00f3n de colecciones audiovisuales. Se abordar\u00e1n los siguientes temas (lista no exhaustiva) &hellip; <\/p>\n","protected":false},"author":7,"featured_media":0,"parent":0,"menu_order":0,"comment_status":"closed","ping_status":"closed","template":"page-nous-contacter.php","meta":{"_acf_changed":false,"footnotes":""},"class_list":["post-1638","page","type-page","status-publish","hentry"],"acf":[],"_links":{"self":[{"href":"https:\/\/frameina.com\/es\/wp-json\/wp\/v2\/pages\/1638","targetHints":{"allow":["GET"]}}],"collection":[{"href":"https:\/\/frameina.com\/es\/wp-json\/wp\/v2\/pages"}],"about":[{"href":"https:\/\/frameina.com\/es\/wp-json\/wp\/v2\/types\/page"}],"author":[{"embeddable":true,"href":"https:\/\/frameina.com\/es\/wp-json\/wp\/v2\/users\/7"}],"replies":[{"embeddable":true,"href":"https:\/\/frameina.com\/es\/wp-json\/wp\/v2\/comments?post=1638"}],"version-history":[{"count":0,"href":"https:\/\/frameina.com\/es\/wp-json\/wp\/v2\/pages\/1638\/revisions"}],"wp:attachment":[{"href":"https:\/\/frameina.com\/es\/wp-json\/wp\/v2\/media?parent=1638"}],"curies":[{"name":"wp","href":"https:\/\/api.w.org\/{rel}","templated":true}]}}